{"id":53,"date":"2026-04-05T09:42:57","date_gmt":"2026-04-05T07:42:57","guid":{"rendered":"https:\/\/www.pf.ujep.cz\/en\/?page_id=53"},"modified":"2026-04-05T09:43:08","modified_gmt":"2026-04-05T07:43:08","slug":"the-ethics-committee","status":"publish","type":"page","link":"https:\/\/www.pf.ujep.cz\/en\/science-and-research\/the-ethics-committee\/","title":{"rendered":"The Ethics Committee"},"content":{"rendered":"<h4>Consists of<\/h4>\n<p><strong>The chair:\u00a0<\/strong>PhDr. Roman Kroufek, Ph.D.<br \/>\ndoc. PaedDr. Ivana Brtnov\u00e1 \u010cepi\u010dkov\u00e1, Ph.D.<br \/>\nPhDr. Otakar Fleischmann, Ph.D.<br \/>\nPhDr. Michal Vostr\u00fd, Ph.D.<br \/>\nMUDr. Pavla Zemanov\u00e1<br \/>\nPhDr. Ji\u0159\u00ed \u0160l\u00e9gl, Ph.D.<br \/>\nMgr. et MgA. Dagmar My\u0161\u00e1kov\u00e1, Ph.D.<\/p>\n<p>The term of the Ethics Committee PF UJEP 2023-2027<\/p>\n<p>Research on PF UJEP is subject to the\u00a0<a href=\"https:\/\/www.pf.ujep.cz\/wp-content\/uploads\/2019\/11\/P-2019_8-etika-v%C4%9Bdeck%C3%A9-a-v%C3%BDzkumn%C3%A9-pr%C3%A1ce-1.pdf\">Dean\u2019s Order no. 8\/2019<\/a><\/p>\n<ul>\n<li><a href=\"https:\/\/www.pf.ujep.cz\/wp-content\/uploads\/2019\/11\/P%C5%99%C3%ADloha-%C4%8D.-1-%C5%BD%C3%A1dost-o-schv%C3%A1len%C3%AD-1.docx\">Approval application<\/a><\/li>\n<li><a href=\"https:\/\/www.pf.ujep.cz\/wp-content\/uploads\/2019\/11\/P%C5%99%C3%ADloha-%C4%8D.-2-Informovan%C3%BD-souhlas-1.docx\">Informed Consent<\/a><\/li>\n<\/ul>\n<p><a href=\"https:\/\/www.pf.ujep.cz\/zapisy-zasedani-eticke-komise\">Minutes of the Ethics Committee meetings<\/a><\/p>\n<p><strong>Relevant documents:<\/strong><\/p>\n<ul>\n<li><a href=\"https:\/\/www.ujep.cz\/wp-content\/uploads\/2018\/04\/Eticky_kodex_UJEP.pdf\">Ethics codex of University of Jan Evangelista Purkyn\u011b in \u00dast\u00ed nad Labem<\/a><\/li>\n<li><a href=\"https:\/\/www.pf.ujep.cz\/wp-content\/uploads\/2019\/11\/evropsk%C3%A1-charta-pro-vyzkumne-pracovniky.pdf\">European charter for researchers<\/a><\/li>\n<li><a href=\"https:\/\/www.pf.ujep.cz\/wp-content\/uploads\/2019\/11\/kodex-integrity-vyzkumu.pdf\">Research integrity codex<\/a><\/li>\n<li><a href=\"https:\/\/www.pf.ujep.cz\/wp-content\/uploads\/2019\/11\/Jednaci_rad_Eticke_komise_UJEP.pdf\">Rules of Procedure of the Ethics Committee of UJEP<\/a><\/li>\n<li><a href=\"https:\/\/www.pf.ujep.cz\/wp-content\/uploads\/2019\/11\/Sm%C4%9Brnice-rektora-Etika-ve-v%C3%BDzkumu.pdf\">UJEP rector\u2019s directives \u2013 Ethics in research<\/a><\/li>\n<\/ul>\n","protected":false},"excerpt":{"rendered":"<p>Consists of The chair:\u00a0PhDr. Roman Kroufek, Ph.D. doc. PaedDr. Ivana Brtnov\u00e1 \u010cepi\u010dkov\u00e1, Ph.D. PhDr. Otakar Fleischmann, Ph.D. PhDr. Michal Vostr\u00fd, Ph.D. MUDr. Pavla Zemanov\u00e1 PhDr. Ji\u0159\u00ed \u0160l\u00e9gl, Ph.D. Mgr. et MgA. Dagmar My\u0161\u00e1kov\u00e1, Ph.D. The term of the Ethics Committee PF UJEP 2023-2027 Research on PF UJEP is subject to the\u00a0Dean\u2019s Order no. 8\/2019 Approval [&hellip;]<\/p>\n","protected":false},"author":1,"featured_media":0,"parent":8,"menu_order":0,"comment_status":"closed","ping_status":"closed","template":"","meta":{"_acf_changed":false,"footnotes":""},"class_list":["post-53","page","type-page","status-publish","hentry"],"acf":[],"_links":{"self":[{"href":"https:\/\/www.pf.ujep.cz\/en\/wp-json\/wp\/v2\/pages\/53","targetHints":{"allow":["GET"]}}],"collection":[{"href":"https:\/\/www.pf.ujep.cz\/en\/wp-json\/wp\/v2\/pages"}],"about":[{"href":"https:\/\/www.pf.ujep.cz\/en\/wp-json\/wp\/v2\/types\/page"}],"author":[{"embeddable":true,"href":"https:\/\/www.pf.ujep.cz\/en\/wp-json\/wp\/v2\/users\/1"}],"replies":[{"embeddable":true,"href":"https:\/\/www.pf.ujep.cz\/en\/wp-json\/wp\/v2\/comments?post=53"}],"version-history":[{"count":1,"href":"https:\/\/www.pf.ujep.cz\/en\/wp-json\/wp\/v2\/pages\/53\/revisions"}],"predecessor-version":[{"id":54,"href":"https:\/\/www.pf.ujep.cz\/en\/wp-json\/wp\/v2\/pages\/53\/revisions\/54"}],"up":[{"embeddable":true,"href":"https:\/\/www.pf.ujep.cz\/en\/wp-json\/wp\/v2\/pages\/8"}],"wp:attachment":[{"href":"https:\/\/www.pf.ujep.cz\/en\/wp-json\/wp\/v2\/media?parent=53"}],"curies":[{"name":"wp","href":"https:\/\/api.w.org\/{rel}","templated":true}]}}