{"id":66,"date":"2026-04-05T09:47:43","date_gmt":"2026-04-05T07:47:43","guid":{"rendered":"https:\/\/www.pf.ujep.cz\/en\/?page_id=66"},"modified":"2026-04-05T09:47:43","modified_gmt":"2026-04-05T07:47:43","slug":"student-grant-contest","status":"publish","type":"page","link":"https:\/\/www.pf.ujep.cz\/en\/science-and-research\/student-grant-contest\/","title":{"rendered":"Student Grant Contest"},"content":{"rendered":"<h3>Student Grant Contest 2025 Announcement<\/h3>\n<p>On 5. 12. 2024, the chair of the Grant Committee PF UJEP, the vice-dean for Science and Creative Activity PF UJEP, Ph.D., Roman Kroufek, announced the deadline for applying to the Student Grant Contest 2025.<\/p>\n<p>The Applications need to be submitted on the required form on 20. 1. 2025, 12:00 at the latest to the secretary of the Grant Committee Radka Ryglov\u00e1 in the following forms:<br \/>\n2x printed with original signatures<br \/>\n1x electronically on:\u00a0<strong>radka.ryglova@ujep.cz<br \/>\n<\/strong><br \/>\n<em>The application, allocation of the financial means and realisation of the project is a subject to the Rector\u2019s directive no. 8\/2023<\/em><\/p>\n<h3>General Info<\/h3>\n<p>UJEP \u2013 Student Grant Agency<br \/>\nThe most common mistakes in SGC projects<br \/>\nRules for the provision of special-purpose support for specific university research<br \/>\nRector\u2019s directive no. 8\/2023 \u2013 Terms of Student Grant Contest<br \/>\nApplication form<\/p>\n<h3><a href=\"https:\/\/www.pf.ujep.cz\/cs\/studentska-grantova-soutez\">SGC Projects<\/a><\/h3>\n<h3>Grant Committee Members<\/h3>\n<p><strong>chair:<\/strong>\u00a0PhDr. Roman Kroufek, Ph.D.<br \/>\ndoc. Mgr. Patrik Mitter Ph.D.<br \/>\nMgr. Kate\u0159ina \u0160teklov\u00e1 Ph.D.<br \/>\nPaedDr. Milan Kubiatko PhD.<br \/>\ndoc. Mgr. Jaroslav \u0158\u00ed\u010dan, Ph.D.<br \/>\ndoc. PhDr. Dagmar Zelenkov\u00e1, Ph.D.<br \/>\nMgr. Martin Nosek Ph.D.<br \/>\nMgr. MgA. Dagmar My\u0161\u00e1kov\u00e1 Ph.D.<br \/>\nPhDr. Dana Novotn\u00e1, Ph.D.<br \/>\nMgr. David Karel Ph.D.<br \/>\ndoc. Ing. Helena Vom\u00e1\u010dkov\u00e1, CSc.<\/p>\n<p><strong>secretary:<\/strong>\u00a0Radka Ryglov\u00e1 \u2013 radka.ryglova@ujep.cz<\/p>\n<p><a href=\"https:\/\/www.pf.ujep.cz\/cs\/studentska-grantova-soutez\"><strong>Minutes from meetings<\/strong><\/a><\/p>\n","protected":false},"excerpt":{"rendered":"<p>Student Grant Contest 2025 Announcement On 5. 12. 2024, the chair of the Grant Committee PF UJEP, the vice-dean for Science and Creative Activity PF UJEP, Ph.D., Roman Kroufek, announced the deadline for applying to the Student Grant Contest 2025. The Applications need to be submitted on the required form on 20. 1. 2025, 12:00 [&hellip;]<\/p>\n","protected":false},"author":1,"featured_media":0,"parent":8,"menu_order":0,"comment_status":"closed","ping_status":"closed","template":"","meta":{"_acf_changed":false,"footnotes":""},"class_list":["post-66","page","type-page","status-publish","hentry"],"acf":[],"_links":{"self":[{"href":"https:\/\/www.pf.ujep.cz\/en\/wp-json\/wp\/v2\/pages\/66","targetHints":{"allow":["GET"]}}],"collection":[{"href":"https:\/\/www.pf.ujep.cz\/en\/wp-json\/wp\/v2\/pages"}],"about":[{"href":"https:\/\/www.pf.ujep.cz\/en\/wp-json\/wp\/v2\/types\/page"}],"author":[{"embeddable":true,"href":"https:\/\/www.pf.ujep.cz\/en\/wp-json\/wp\/v2\/users\/1"}],"replies":[{"embeddable":true,"href":"https:\/\/www.pf.ujep.cz\/en\/wp-json\/wp\/v2\/comments?post=66"}],"version-history":[{"count":1,"href":"https:\/\/www.pf.ujep.cz\/en\/wp-json\/wp\/v2\/pages\/66\/revisions"}],"predecessor-version":[{"id":67,"href":"https:\/\/www.pf.ujep.cz\/en\/wp-json\/wp\/v2\/pages\/66\/revisions\/67"}],"up":[{"embeddable":true,"href":"https:\/\/www.pf.ujep.cz\/en\/wp-json\/wp\/v2\/pages\/8"}],"wp:attachment":[{"href":"https:\/\/www.pf.ujep.cz\/en\/wp-json\/wp\/v2\/media?parent=66"}],"curies":[{"name":"wp","href":"https:\/\/api.w.org\/{rel}","templated":true}]}}