{"id":74,"date":"2026-04-05T09:50:52","date_gmt":"2026-04-05T07:50:52","guid":{"rendered":"https:\/\/www.pf.ujep.cz\/en\/?page_id=74"},"modified":"2026-04-05T09:50:52","modified_gmt":"2026-04-05T07:50:52","slug":"editorial-and-publishing-activities","status":"publish","type":"page","link":"https:\/\/www.pf.ujep.cz\/en\/science-and-research\/editorial-and-publishing-activities\/","title":{"rendered":"Editorial and publishing activities"},"content":{"rendered":"<p><a href=\"https:\/\/www.pf.ujep.cz\/smernice-dekana\/smernice_1805\">Directive no. 5\/2018<\/a>\u00a0\u2013 Editorial and publishing activities at PF UJEP<\/p>\n<h4>Editorial committee members<\/h4>\n<ul>\n<li><strong>Chair:<\/strong>\u00a0PhDr. Roman Kroufek, Ph.D. (chair)<\/li>\n<li>Prof. PaedDr. Ji\u0159\u00ed Holubec, Ph.D. (DME)<\/li>\n<li>PhDr. Ilona Balk\u00f3, Ph.D. (DBO)<\/li>\n<li>PhDr. Lubo\u0161 H\u00e1na, Ph.D. (DME)<\/li>\n<li>PhDr. Martin Fibiger, Ph.D. (DBO)<\/li>\n<li>Mgr. Martin Nosek, Ph.D. (DPE)<\/li>\n<li>doc. PaedDr. Ivana Brtnov\u00e1-\u010cepi\u010dkov\u00e1, Ph.D. (DPPE)<\/li>\n<\/ul>\n<p><strong>Secretary:<\/strong>\u00a0Eva Jaro\u0161ov\u00e1 \u2013\u00a0<a href=\"mailto:eva.jarosova@ujep.cz\">eva.jarosova@ujep.cz<\/a><\/p>\n","protected":false},"excerpt":{"rendered":"<p>Directive no. 5\/2018\u00a0\u2013 Editorial and publishing activities at PF UJEP Editorial committee members Chair:\u00a0PhDr. Roman Kroufek, Ph.D. (chair) Prof. PaedDr. Ji\u0159\u00ed Holubec, Ph.D. (DME) PhDr. Ilona Balk\u00f3, Ph.D. (DBO) PhDr. Lubo\u0161 H\u00e1na, Ph.D. (DME) PhDr. Martin Fibiger, Ph.D. (DBO) Mgr. Martin Nosek, Ph.D. (DPE) doc. PaedDr. Ivana Brtnov\u00e1-\u010cepi\u010dkov\u00e1, Ph.D. (DPPE) Secretary:\u00a0Eva Jaro\u0161ov\u00e1 \u2013\u00a0eva.jarosova@ujep.cz<\/p>\n","protected":false},"author":1,"featured_media":0,"parent":8,"menu_order":0,"comment_status":"closed","ping_status":"closed","template":"","meta":{"_acf_changed":false,"footnotes":""},"class_list":["post-74","page","type-page","status-publish","hentry"],"acf":[],"_links":{"self":[{"href":"https:\/\/www.pf.ujep.cz\/en\/wp-json\/wp\/v2\/pages\/74","targetHints":{"allow":["GET"]}}],"collection":[{"href":"https:\/\/www.pf.ujep.cz\/en\/wp-json\/wp\/v2\/pages"}],"about":[{"href":"https:\/\/www.pf.ujep.cz\/en\/wp-json\/wp\/v2\/types\/page"}],"author":[{"embeddable":true,"href":"https:\/\/www.pf.ujep.cz\/en\/wp-json\/wp\/v2\/users\/1"}],"replies":[{"embeddable":true,"href":"https:\/\/www.pf.ujep.cz\/en\/wp-json\/wp\/v2\/comments?post=74"}],"version-history":[{"count":1,"href":"https:\/\/www.pf.ujep.cz\/en\/wp-json\/wp\/v2\/pages\/74\/revisions"}],"predecessor-version":[{"id":75,"href":"https:\/\/www.pf.ujep.cz\/en\/wp-json\/wp\/v2\/pages\/74\/revisions\/75"}],"up":[{"embeddable":true,"href":"https:\/\/www.pf.ujep.cz\/en\/wp-json\/wp\/v2\/pages\/8"}],"wp:attachment":[{"href":"https:\/\/www.pf.ujep.cz\/en\/wp-json\/wp\/v2\/media?parent=74"}],"curies":[{"name":"wp","href":"https:\/\/api.w.org\/{rel}","templated":true}]}}